{"id":369,"date":"2021-09-21T13:55:26","date_gmt":"2021-09-21T11:55:26","guid":{"rendered":"https:\/\/transparencia.consorcimuseus.gva.es\/?page_id=369"},"modified":"2021-10-27T13:32:24","modified_gmt":"2021-10-27T11:32:24","slug":"coste-exposiciones-2018","status":"publish","type":"page","link":"https:\/\/transparencia.consorcimuseus.gva.es\/es\/portal-de-transparencia\/informacion-economica-y-presupuestaria\/coste-exposiciones-2018\/","title":{"rendered":"Coste Exposiciones 2018"},"content":{"rendered":"<div class=\"wpb-content-wrapper\"><p>[vc_row][vc_column][vc_column_text el_class=\u00bbtxt-costes-exposiciones\u00bb]<a href=\"\/wp-content\/uploads\/docs\/portal-transparencia\/info-economica\/costes-exposiciones\/2018\/hoja-transparencia-lejanias.pdf\" target=\"_blank\" rel=\"noopener noreferrer\">\u00abLejan\u00edas. Arte Joven Polaco en la Colecci\u00f3n K. Musial\u00bb Centre del Carme de Val\u00e8ncia<\/a><\/p>\n<p><a href=\"\/wp-content\/uploads\/docs\/portal-transparencia\/info-economica\/costes-exposiciones\/2018\/hoja-transparencia-oh-mostruo.pdf\" target=\"_blank\" rel=\"noopener noreferrer\">\u00abOh! Monstruo&#8230;\u00bb Centre del Carme de Val\u00e8ncia<\/a><\/p>\n<p><a href=\"\/wp-content\/uploads\/docs\/portal-transparencia\/info-economica\/costes-exposiciones\/2018\/hoja-transparencia-marla-jacarilla.pdf\" target=\"_blank\" rel=\"noopener noreferrer\">\u00abApunts per una fuga\u00bb Centre del Carme de Val\u00e8ncia<\/a><\/p>\n<p><a href=\"\/wp-content\/uploads\/docs\/portal-transparencia\/info-economica\/costes-exposiciones\/2018\/hoja-transparencia-rodes.pdf\" target=\"_blank\" rel=\"noopener noreferrer\">\u00abVicente Rodes Aries. L\u2019estudi del natural\u00bb Museu de Belles Arts de Castell\u00f3<\/a><\/p>\n<p><a href=\"\/wp-content\/uploads\/docs\/portal-transparencia\/info-economica\/costes-exposiciones\/2018\/hoja-transparencia-artfulness.pdf\" target=\"_blank\" rel=\"noopener noreferrer\">\u00abARTFULNESS. Sentir. Cos. Nosaltres\u00bb Centre del Carme Cultura Contempor\u00e0nia<\/a><\/p>\n<p><a href=\"\/wp-content\/uploads\/docs\/portal-transparencia\/info-economica\/costes-exposiciones\/2018\/hoja-transparencia-tot-el-que-veus-3.pdf\" target=\"_blank\" rel=\"noopener noreferrer\">\u00abCicle expositiu Tot el que veus \u00e9s Art. Tercer moment. \u00ab#365ALC_PAISATGE\u00bb Llotja del Peix d&#8217;Alacant<\/a><\/p>\n<p><a href=\"\/wp-content\/uploads\/docs\/portal-transparencia\/info-economica\/costes-exposiciones\/2018\/hoja-transparencia-sistema-operativo-colecciones.pdf\" target=\"_blank\" rel=\"noopener noreferrer\">\u00abDaniel Garc\u00eda And\u00fajar. Sistema Operativo. Colecciones\u00bb Centre del Carme de Val\u00e8ncia<\/a><\/p>\n<p><a href=\"\/wp-content\/uploads\/docs\/portal-transparencia\/info-economica\/costes-exposiciones\/2018\/hoja-transparencia-capital-animal.pdf\" target=\"_blank\" rel=\"noopener noreferrer\">\u00abAlacant Capital Animal\u00bb Las Cigarreras de Alicante<\/a><\/p>\n<p><a href=\"\/wp-content\/uploads\/docs\/portal-transparencia\/info-economica\/costes-exposiciones\/2018\/hoja-transparencia-vi-premio-mardel-artes-visuales-2018.pdf\" target=\"_blank\" rel=\"noopener noreferrer\">\u00abVI Premi mardel Arts Visuals 2018\u00bb Centre del Carme de Val\u00e8ncia<\/a><\/p>\n<p><a href=\"\/wp-content\/uploads\/docs\/portal-transparencia\/info-economica\/costes-exposiciones\/2018\/hoja-transparencia-totalidad-e-infinito-convocatoria-365dies.pdf\" target=\"_blank\" rel=\"noopener noreferrer\">\u00abCicle expositiu Totalitat i Infinito. Cuesti\u00f3n de fe \/ Cuesti\u00f3n de trozo\u00bb Centre del Carme de Val\u00e8ncia<\/a><\/p>\n<p><a href=\"\/wp-content\/uploads\/docs\/portal-transparencia\/info-economica\/costes-exposiciones\/2018\/hoja-transparencia-mayo-68.pdf\" target=\"_blank\" rel=\"noopener noreferrer\">\u00abMaig del 68, pels fot\u00f2grafs de France Soir\u00bb Centre del Carme de Val\u00e8ncia<\/a><\/p>\n<p><a href=\"\/wp-content\/uploads\/docs\/portal-transparencia\/info-economica\/costes-exposiciones\/2018\/hoja-transparencia-hijos-del-jardin.pdf\" target=\"_blank\" rel=\"noopener noreferrer\">\u00abHijos del Jard\u00edn\u00bb Centre del Carme de Val\u00e8ncia<\/a><\/p>\n<p><a href=\"\/wp-content\/uploads\/docs\/portal-transparencia\/info-economica\/costes-exposiciones\/2018\/hoja-transparencia-jardin-automata.pdf\" target=\"_blank\" rel=\"noopener noreferrer\">\u00abOlga Diego. Jard\u00edn Aut\u00f3mata\u00bb Centre del Carme de Val\u00e8ncia<\/a><\/p>\n<p><a href=\"\/wp-content\/uploads\/docs\/portal-transparencia\/info-economica\/costes-exposiciones\/2018\/hoja-transparencia-museus-en-dialeg-mirades-diferents.pdf\" target=\"_blank\" rel=\"noopener noreferrer\">\u00abMuseus en Di\u00e0leg. Mirades Diferents\u00bb Museu de Belles Arts de Castell\u00f3<\/a><\/p>\n<p><a href=\"\/wp-content\/uploads\/docs\/portal-transparencia\/info-economica\/costes-exposiciones\/2018\/hoja-transparencia-tot-el-que-veus-2.pdf\" target=\"_blank\" rel=\"noopener noreferrer\">\u00abTot el que veus \u00e9s Art. #365ALC_RETRAT\u00bb Llotja del Peix d&#8217;Alacant<\/a><\/p>\n<p><a href=\"\/wp-content\/uploads\/docs\/portal-transparencia\/info-economica\/costes-exposiciones\/2018\/hoja-transparencia-vihsibles.pdf\" target=\"_blank\" rel=\"noopener noreferrer\">\u00abVIHsibles\u00bb Convocatoria Altaveu. Centre del Carme de Val\u00e8ncia<\/a><\/p>\n<p><a href=\"\/wp-content\/uploads\/docs\/portal-transparencia\/info-economica\/costes-exposiciones\/2018\/hoja-transparencia-teresa-cebrian.pdf\" target=\"_blank\" rel=\"noopener noreferrer\">\u00abTeresa Cebri\u00e1n\u00bb El Llarg Viatge\u00bb Centre del Carme de Val\u00e8ncia<\/a><\/p>\n<p><a href=\"\/wp-content\/uploads\/docs\/portal-transparencia\/info-economica\/costes-exposiciones\/2018\/hoja-transparencia-pablo-bellot-actes-de-comunicacio.pdf\" target=\"_blank\" rel=\"noopener noreferrer\">\u00abPablo Bellot. Actes de comunicaci\u00f3\u00bb Castell de Santa B\u00e0rbara d&#8217;Alacant<\/a><\/p>\n<p><a href=\"\/wp-content\/uploads\/docs\/portal-transparencia\/info-economica\/costes-exposiciones\/2018\/hoja-transparencia-art-contemporani-gva-primers-moments.pdf\" target=\"_blank\" rel=\"noopener noreferrer\">\u00abArt Contemporani de la Generalitat Valenciana Primers Moments\u00bb Centre del Carme de Val\u00e8ncia<\/a><\/p>\n<p><a href=\"\/wp-content\/uploads\/docs\/portal-transparencia\/info-economica\/costes-exposiciones\/2018\/hoja-transparencia-notificaciones-cigarreras.pdf\" target=\"_blank\" rel=\"noopener noreferrer\">\u00abNotificacions\u00bb Centre Cultural Las Cigarreras. Alicante<\/a><\/p>\n<p><a href=\"\/wp-content\/uploads\/docs\/portal-transparencia\/info-economica\/costes-exposiciones\/2018\/hoja-transparencia-emilio-varela.pdf\" target=\"_blank\" rel=\"noopener noreferrer\">\u00abEmilio Varela. El laberint lumin\u00f3s \u00bb Museu de Belles Arts de Castell\u00f3<\/a><\/p>\n<p><a href=\"\/wp-content\/uploads\/docs\/portal-transparencia\/info-economica\/costes-exposiciones\/2018\/hoja-transparencia-monika-buch-trajectoria.pdf\" target=\"_blank\" rel=\"noopener noreferrer\">\u00abMonika Buch. Traject\u00f2ria\u00bb Fundaci\u00f3 Chirivella Soriano de Val\u00e8ncia<\/a><\/p>\n<p><a href=\"\/wp-content\/uploads\/docs\/portal-transparencia\/info-economica\/costes-exposiciones\/2018\/hoja-transparencia-3pintores-alc.pdf\" target=\"_blank\" rel=\"noopener noreferrer\">\u00abDe paisatges, passejos i paisans. Porcar, Lahuerta, Varela\u00bb Museu de Belles Arts Gravina d&#8217;Alacant (MUBAG)<\/a><\/p>\n<p><a href=\"\/wp-content\/uploads\/docs\/portal-transparencia\/info-economica\/costes-exposiciones\/2018\/hoja-transparencia-los-algoritmos-suaves.pdf\" target=\"_blank\" rel=\"noopener noreferrer\">\u00abEls Algoritmes Suaus\u00bb Centre del Carme de Val\u00e8ncia<\/a><\/p>\n<p><a href=\"\/wp-content\/uploads\/docs\/portal-transparencia\/info-economica\/costes-exposiciones\/2018\/hoja-transparencia-tot-el-que-veus-1.pdf\" target=\"_blank\" rel=\"noopener noreferrer\">\u00abTot el que veus \u00e9s art\u00bb Llotja del Peix d&#8217;Alacant<\/a><\/p>\n<p>\u201cMiguel Hern\u00e1ndez\/Vicent Andr\u00e9s Estell\u00e9s. La paraula pren part\u201d Centre del Carme de Val\u00e8ncia (Produ\u00efda per la Direcci\u00f3 General de Pol\u00edtica Ling\u00fc\u00edstica i gesti\u00f3 del multiling\u00fcisme)<\/p>\n<p><a href=\"\/wp-content\/uploads\/docs\/portal-transparencia\/info-economica\/costes-exposiciones\/2018\/hoja-transparencia-the-multicolored-equilibrium-between-animals-and-humans.pdf\" target=\"_blank\" rel=\"noopener noreferrer\">\u00abThe Multicolored Equilibrium between Animals and Humans\u00bb Okuda San Miguel Centre del Carme de Val\u00e8ncia<\/a><\/p>\n<p><a href=\"\/wp-content\/uploads\/docs\/portal-transparencia\/info-economica\/costes-exposiciones\/2018\/hoja-transparencia-reinventar-el-possible.pdf\" target=\"_blank\" rel=\"noopener noreferrer\">\u201cReinventar el possible \/ Accionar l\u2019imaginable. Quart moment. \u2026suposa tot a\u00e7\u00f2 una possibilitat?\u201d Centre del Carme de Val\u00e8ncia<\/a><\/p>\n<p><a href=\"\/wp-content\/uploads\/docs\/portal-transparencia\/info-economica\/costes-exposiciones\/2018\/hoja-transparencia-shadi-ghadirian-com-tots-els-dies.pdf\" target=\"_blank\" rel=\"noopener noreferrer\">\u00abShadi Ghadirian. Com tots els dies\u00bb Centre del Carme de Val\u00e8ncia<\/a><\/p>\n<p><a href=\"\/wp-content\/uploads\/docs\/portal-transparencia\/info-economica\/costes-exposiciones\/2018\/hoja-transparencia-paula-valero.pdf\" target=\"_blank\" rel=\"noopener noreferrer\">\u00abElogio de la procrastinaci\u00f3n. En construcci\u00f3n\u00bb Centre del Carme de Val\u00e8ncia<\/a><\/p>\n<p><a href=\"\/wp-content\/uploads\/docs\/portal-transparencia\/info-economica\/costes-exposiciones\/2018\/hoja-transparencia-casahogar.pdf\" target=\"_blank\" rel=\"noopener noreferrer\">\u00abCasaHogar\u00bb Centre del Carme de Val\u00e8ncia<\/a><\/p>\n<p><a href=\"\/wp-content\/uploads\/docs\/portal-transparencia\/info-economica\/costes-exposiciones\/2018\/hoja-transparencia-creacion-y-pueblo.pdf\" target=\"_blank\" rel=\"noopener noreferrer\">\u00abCreaci\u00f3n y pueblo\u00bb Centre del Carme de Val\u00e8ncia<\/a><\/p>\n<p><a href=\"https:\/\/transparencia.consorcimuseus.gva.es\/wp-content\/uploads\/2021\/10\/Adsuara-Vicent-i-Peresejo.-Tres-escultors-mediterranis-entre-la-tradicio-i-la-renovacio-Museu-de-Belles-Arts-de-Castello.pdf\" target=\"_blank\" rel=\"noopener\">\u00abAdsuara, Vicent i Peresejo. Tres escultors mediterranis entre la tradici\u00f3 i la renovaci\u00f3\u00bb Museu de Belles Arts de Castell\u00f3<\/a><\/p>\n<p><a href=\"https:\/\/transparencia.consorcimuseus.gva.es\/wp-content\/uploads\/2021\/10\/Adsuara-Vicent-i-Peresejo.-Tres-escultors-mediterranis-entre-la-tradicio-i-la-renovacio-al-Museu-de-Belles-Arts-de-Valencia.pdf\" target=\"_blank\" rel=\"noopener\">\u00abAdsuara, Vicent i Peresejo. Tres escultors mediterranis entre la tradici\u00f3 i la renovaci\u00f3\u00bb Museu de Belles Arts de Val\u00e8ncia<\/a>[\/vc_column_text][\/vc_column][\/vc_row]<\/p>\n<\/div>","protected":false},"excerpt":{"rendered":"<p>[vc_row][vc_column][vc_column_text el_class=\u00bbtxt-costes-exposiciones\u00bb]\u00abLejan\u00edas. Arte Joven Polaco en la Colecci\u00f3n K. Musial\u00bb Centre del Carme de Val\u00e8ncia \u00abOh! Monstruo&#8230;\u00bb Centre del Carme de Val\u00e8ncia \u00abApunts per una fuga\u00bb Centre del Carme de Val\u00e8ncia \u00abVicente Rodes Aries. L\u2019estudi del natural\u00bb Museu de Belles Arts de Castell\u00f3 \u00abARTFULNESS. Sentir. Cos. Nosaltres\u00bb Centre del Carme Cultura Contempor\u00e0nia \u00abCicle expositiu Tot&hellip;<\/p>\n","protected":false},"author":2,"featured_media":0,"parent":59,"menu_order":0,"comment_status":"closed","ping_status":"closed","template":"","meta":{"footnotes":""},"class_list":["post-369","page","type-page","status-publish","hentry","description-off"],"yoast_head":"<!-- This site is optimized with the Yoast SEO plugin v27.5 - https:\/\/yoast.com\/product\/yoast-seo-wordpress\/ -->\n<title>Coste Exposiciones 2018 - Consorci de Museus de la Comunitat Valenciana<\/title>\n<meta name=\"robots\" content=\"index, follow, max-snippet:-1, max-image-preview:large, max-video-preview:-1\" \/>\n<link rel=\"canonical\" href=\"https:\/\/transparencia.consorcimuseus.gva.es\/es\/portal-de-transparencia\/informacion-economica-y-presupuestaria\/coste-exposiciones-2018\/\" \/>\n<meta property=\"og:locale\" content=\"es_ES\" \/>\n<meta property=\"og:type\" content=\"article\" \/>\n<meta property=\"og:title\" content=\"Coste Exposiciones 2018 - Consorci de Museus de la Comunitat Valenciana\" \/>\n<meta property=\"og:description\" content=\"[vc_row][vc_column][vc_column_text el_class=\u00bbtxt-costes-exposiciones\u00bb]\u00abLejan\u00edas. Arte Joven Polaco en la Colecci\u00f3n K. Musial\u00bb Centre del Carme de Val\u00e8ncia \u00abOh! Monstruo&#8230;\u00bb Centre del Carme de Val\u00e8ncia \u00abApunts per una fuga\u00bb Centre del Carme de Val\u00e8ncia \u00abVicente Rodes Aries. L\u2019estudi del natural\u00bb Museu de Belles Arts de Castell\u00f3 \u00abARTFULNESS. Sentir. Cos. Nosaltres\u00bb Centre del Carme Cultura Contempor\u00e0nia \u00abCicle expositiu Tot&hellip;\" \/>\n<meta property=\"og:url\" content=\"https:\/\/transparencia.consorcimuseus.gva.es\/es\/portal-de-transparencia\/informacion-economica-y-presupuestaria\/coste-exposiciones-2018\/\" \/>\n<meta property=\"og:site_name\" content=\"Consorci de Museus de la Comunitat Valenciana\" \/>\n<meta property=\"article:modified_time\" content=\"2021-10-27T11:32:24+00:00\" \/>\n<meta name=\"twitter:card\" content=\"summary_large_image\" \/>\n<script type=\"application\/ld+json\" class=\"yoast-schema-graph\">{\"@context\":\"https:\\\/\\\/schema.org\",\"@graph\":[{\"@type\":\"WebPage\",\"@id\":\"https:\\\/\\\/transparencia.consorcimuseus.gva.es\\\/es\\\/portal-de-transparencia\\\/informacion-economica-y-presupuestaria\\\/coste-exposiciones-2018\\\/\",\"url\":\"https:\\\/\\\/transparencia.consorcimuseus.gva.es\\\/es\\\/portal-de-transparencia\\\/informacion-economica-y-presupuestaria\\\/coste-exposiciones-2018\\\/\",\"name\":\"Coste Exposiciones 2018 - Consorci de Museus de la Comunitat Valenciana\",\"isPartOf\":{\"@id\":\"https:\\\/\\\/transparencia.consorcimuseus.gva.es\\\/#website\"},\"datePublished\":\"2021-09-21T11:55:26+00:00\",\"dateModified\":\"2021-10-27T11:32:24+00:00\",\"breadcrumb\":{\"@id\":\"https:\\\/\\\/transparencia.consorcimuseus.gva.es\\\/es\\\/portal-de-transparencia\\\/informacion-economica-y-presupuestaria\\\/coste-exposiciones-2018\\\/#breadcrumb\"},\"inLanguage\":\"es\",\"potentialAction\":[{\"@type\":\"ReadAction\",\"target\":[\"https:\\\/\\\/transparencia.consorcimuseus.gva.es\\\/es\\\/portal-de-transparencia\\\/informacion-economica-y-presupuestaria\\\/coste-exposiciones-2018\\\/\"]}]},{\"@type\":\"BreadcrumbList\",\"@id\":\"https:\\\/\\\/transparencia.consorcimuseus.gva.es\\\/es\\\/portal-de-transparencia\\\/informacion-economica-y-presupuestaria\\\/coste-exposiciones-2018\\\/#breadcrumb\",\"itemListElement\":[{\"@type\":\"ListItem\",\"position\":1,\"name\":\"Portada\",\"item\":\"https:\\\/\\\/transparencia.consorcimuseus.gva.es\\\/es\\\/\"},{\"@type\":\"ListItem\",\"position\":2,\"name\":\"Portal de Transparencia\",\"item\":\"https:\\\/\\\/transparencia.consorcimuseus.gva.es\\\/es\\\/portal-de-transparencia\\\/\"},{\"@type\":\"ListItem\",\"position\":3,\"name\":\"Informaci\u00f3n Econ\u00f3mica y Presupuestaria\",\"item\":\"https:\\\/\\\/transparencia.consorcimuseus.gva.es\\\/es\\\/portal-de-transparencia\\\/informacion-economica-y-presupuestaria\\\/\"},{\"@type\":\"ListItem\",\"position\":4,\"name\":\"Coste Exposiciones 2018\"}]},{\"@type\":\"WebSite\",\"@id\":\"https:\\\/\\\/transparencia.consorcimuseus.gva.es\\\/#website\",\"url\":\"https:\\\/\\\/transparencia.consorcimuseus.gva.es\\\/\",\"name\":\"Consorci de Museus de la Comunitat Valenciana\",\"description\":\"\",\"publisher\":{\"@id\":\"https:\\\/\\\/transparencia.consorcimuseus.gva.es\\\/#organization\"},\"potentialAction\":[{\"@type\":\"SearchAction\",\"target\":{\"@type\":\"EntryPoint\",\"urlTemplate\":\"https:\\\/\\\/transparencia.consorcimuseus.gva.es\\\/?s={search_term_string}\"},\"query-input\":{\"@type\":\"PropertyValueSpecification\",\"valueRequired\":true,\"valueName\":\"search_term_string\"}}],\"inLanguage\":\"es\"},{\"@type\":\"Organization\",\"@id\":\"https:\\\/\\\/transparencia.consorcimuseus.gva.es\\\/#organization\",\"name\":\"Consorci de Museus de la Comunitat Valenciana\",\"url\":\"https:\\\/\\\/transparencia.consorcimuseus.gva.es\\\/\",\"logo\":{\"@type\":\"ImageObject\",\"inLanguage\":\"es\",\"@id\":\"https:\\\/\\\/transparencia.consorcimuseus.gva.es\\\/#\\\/schema\\\/logo\\\/image\\\/\",\"url\":\"https:\\\/\\\/transparencia.consorcimuseus.gva.es\\\/wp-content\\\/uploads\\\/2021\\\/04\\\/logo-consorci-museus.jpg\",\"contentUrl\":\"https:\\\/\\\/transparencia.consorcimuseus.gva.es\\\/wp-content\\\/uploads\\\/2021\\\/04\\\/logo-consorci-museus.jpg\",\"width\":122,\"height\":108,\"caption\":\"Consorci de Museus de la Comunitat Valenciana\"},\"image\":{\"@id\":\"https:\\\/\\\/transparencia.consorcimuseus.gva.es\\\/#\\\/schema\\\/logo\\\/image\\\/\"}}]}<\/script>\n<!-- \/ Yoast SEO plugin. -->","yoast_head_json":{"title":"Coste Exposiciones 2018 - Consorci de Museus de la Comunitat Valenciana","robots":{"index":"index","follow":"follow","max-snippet":"max-snippet:-1","max-image-preview":"max-image-preview:large","max-video-preview":"max-video-preview:-1"},"canonical":"https:\/\/transparencia.consorcimuseus.gva.es\/es\/portal-de-transparencia\/informacion-economica-y-presupuestaria\/coste-exposiciones-2018\/","og_locale":"es_ES","og_type":"article","og_title":"Coste Exposiciones 2018 - Consorci de Museus de la Comunitat Valenciana","og_description":"[vc_row][vc_column][vc_column_text el_class=\u00bbtxt-costes-exposiciones\u00bb]\u00abLejan\u00edas. Arte Joven Polaco en la Colecci\u00f3n K. Musial\u00bb Centre del Carme de Val\u00e8ncia \u00abOh! Monstruo&#8230;\u00bb Centre del Carme de Val\u00e8ncia \u00abApunts per una fuga\u00bb Centre del Carme de Val\u00e8ncia \u00abVicente Rodes Aries. L\u2019estudi del natural\u00bb Museu de Belles Arts de Castell\u00f3 \u00abARTFULNESS. Sentir. Cos. Nosaltres\u00bb Centre del Carme Cultura Contempor\u00e0nia \u00abCicle expositiu Tot&hellip;","og_url":"https:\/\/transparencia.consorcimuseus.gva.es\/es\/portal-de-transparencia\/informacion-economica-y-presupuestaria\/coste-exposiciones-2018\/","og_site_name":"Consorci de Museus de la Comunitat Valenciana","article_modified_time":"2021-10-27T11:32:24+00:00","twitter_card":"summary_large_image","schema":{"@context":"https:\/\/schema.org","@graph":[{"@type":"WebPage","@id":"https:\/\/transparencia.consorcimuseus.gva.es\/es\/portal-de-transparencia\/informacion-economica-y-presupuestaria\/coste-exposiciones-2018\/","url":"https:\/\/transparencia.consorcimuseus.gva.es\/es\/portal-de-transparencia\/informacion-economica-y-presupuestaria\/coste-exposiciones-2018\/","name":"Coste Exposiciones 2018 - Consorci de Museus de la Comunitat Valenciana","isPartOf":{"@id":"https:\/\/transparencia.consorcimuseus.gva.es\/#website"},"datePublished":"2021-09-21T11:55:26+00:00","dateModified":"2021-10-27T11:32:24+00:00","breadcrumb":{"@id":"https:\/\/transparencia.consorcimuseus.gva.es\/es\/portal-de-transparencia\/informacion-economica-y-presupuestaria\/coste-exposiciones-2018\/#breadcrumb"},"inLanguage":"es","potentialAction":[{"@type":"ReadAction","target":["https:\/\/transparencia.consorcimuseus.gva.es\/es\/portal-de-transparencia\/informacion-economica-y-presupuestaria\/coste-exposiciones-2018\/"]}]},{"@type":"BreadcrumbList","@id":"https:\/\/transparencia.consorcimuseus.gva.es\/es\/portal-de-transparencia\/informacion-economica-y-presupuestaria\/coste-exposiciones-2018\/#breadcrumb","itemListElement":[{"@type":"ListItem","position":1,"name":"Portada","item":"https:\/\/transparencia.consorcimuseus.gva.es\/es\/"},{"@type":"ListItem","position":2,"name":"Portal de Transparencia","item":"https:\/\/transparencia.consorcimuseus.gva.es\/es\/portal-de-transparencia\/"},{"@type":"ListItem","position":3,"name":"Informaci\u00f3n Econ\u00f3mica y Presupuestaria","item":"https:\/\/transparencia.consorcimuseus.gva.es\/es\/portal-de-transparencia\/informacion-economica-y-presupuestaria\/"},{"@type":"ListItem","position":4,"name":"Coste Exposiciones 2018"}]},{"@type":"WebSite","@id":"https:\/\/transparencia.consorcimuseus.gva.es\/#website","url":"https:\/\/transparencia.consorcimuseus.gva.es\/","name":"Consorci de Museus de la Comunitat Valenciana","description":"","publisher":{"@id":"https:\/\/transparencia.consorcimuseus.gva.es\/#organization"},"potentialAction":[{"@type":"SearchAction","target":{"@type":"EntryPoint","urlTemplate":"https:\/\/transparencia.consorcimuseus.gva.es\/?s={search_term_string}"},"query-input":{"@type":"PropertyValueSpecification","valueRequired":true,"valueName":"search_term_string"}}],"inLanguage":"es"},{"@type":"Organization","@id":"https:\/\/transparencia.consorcimuseus.gva.es\/#organization","name":"Consorci de Museus de la Comunitat Valenciana","url":"https:\/\/transparencia.consorcimuseus.gva.es\/","logo":{"@type":"ImageObject","inLanguage":"es","@id":"https:\/\/transparencia.consorcimuseus.gva.es\/#\/schema\/logo\/image\/","url":"https:\/\/transparencia.consorcimuseus.gva.es\/wp-content\/uploads\/2021\/04\/logo-consorci-museus.jpg","contentUrl":"https:\/\/transparencia.consorcimuseus.gva.es\/wp-content\/uploads\/2021\/04\/logo-consorci-museus.jpg","width":122,"height":108,"caption":"Consorci de Museus de la Comunitat Valenciana"},"image":{"@id":"https:\/\/transparencia.consorcimuseus.gva.es\/#\/schema\/logo\/image\/"}}]}},"_links":{"self":[{"href":"https:\/\/transparencia.consorcimuseus.gva.es\/es\/wp-json\/wp\/v2\/pages\/369","targetHints":{"allow":["GET"]}}],"collection":[{"href":"https:\/\/transparencia.consorcimuseus.gva.es\/es\/wp-json\/wp\/v2\/pages"}],"about":[{"href":"https:\/\/transparencia.consorcimuseus.gva.es\/es\/wp-json\/wp\/v2\/types\/page"}],"author":[{"embeddable":true,"href":"https:\/\/transparencia.consorcimuseus.gva.es\/es\/wp-json\/wp\/v2\/users\/2"}],"replies":[{"embeddable":true,"href":"https:\/\/transparencia.consorcimuseus.gva.es\/es\/wp-json\/wp\/v2\/comments?post=369"}],"version-history":[{"count":0,"href":"https:\/\/transparencia.consorcimuseus.gva.es\/es\/wp-json\/wp\/v2\/pages\/369\/revisions"}],"up":[{"embeddable":true,"href":"https:\/\/transparencia.consorcimuseus.gva.es\/es\/wp-json\/wp\/v2\/pages\/59"}],"wp:attachment":[{"href":"https:\/\/transparencia.consorcimuseus.gva.es\/es\/wp-json\/wp\/v2\/media?parent=369"}],"curies":[{"name":"wp","href":"https:\/\/api.w.org\/{rel}","templated":true}]}}